{"id":97,"date":"2023-09-27T12:14:14","date_gmt":"2023-09-27T10:14:14","guid":{"rendered":"http:\/\/xn--skhund-wxa.se\/?page_id=97"},"modified":"2026-02-14T07:27:23","modified_gmt":"2026-02-14T06:27:23","slug":"prov","status":"publish","type":"page","link":"https:\/\/xn--skhund-wxa.se\/index.php\/prov\/","title":{"rendered":"Prov"},"content":{"rendered":"\n<h2 class=\"wp-block-heading\">Narkotikas\u00f6k<\/h2>\n\n\n\n<p>Provet f\u00f6r civila narkotikas\u00f6khundar \u00e4r utformat i fyra moment:<\/p>\n\n\n\n<ul class=\"wp-block-list\">\n<li>Doftprov i urvalsbana d\u00e4r hunden ska visa att den kan identifiera f\u00f6ljande dofter fr\u00e5n Scentlogix: cannabis, heroin, pcp, kokain, lsd, metamfetamin och mdma. F\u00f6r att g\u00e5 vidare till n\u00e4sta steg m\u00e5ste alla dofterna vara identifierade.<\/li>\n\n\n\n<li>Inomhuss\u00f6k. I en inomhusmilj\u00f6 ska ekipaget hitta de utplacerade doftproverna, samt uppvisa att de inte felmarkerar utplacerade tomma doftb\u00e4rare. Ekipaget har 10 minuter p\u00e5 sig att genomf\u00f6ra s\u00f6ket och beh\u00f6ver \u00e4ven visa f\u00f6rm\u00e5ga att arbeta p\u00e5 ett positivt s\u00e4tt utan korrigeringar eller bestraffningar.<\/li>\n\n\n\n<li>Utomhuss\u00f6k. I en utemilj\u00f6 ska ekipaget hitta de utplacerade doftproverna, samt visa f\u00f6rm\u00e5ga att arbeta p\u00e5 ett positivt s\u00e4tt utan korrigeringar eller bestraffningar. Ekipaget har 20 minuter p\u00e5 sig att genomf\u00f6ra s\u00f6ket.<\/li>\n\n\n\n<li>Teoriprov. F\u00f6r att klara teoriprovet beh\u00f6ver hundf\u00f6raren ha allm\u00e4n kunskap om de vanligaste narkotikapreparaten: cannabis, heroin, kokain, pcp, lsd, amfetamin\/metamfetamin, mdma samt receptbelagda morfinpreparat s\u00e5som tramadol och oxycontin. Hundf\u00f6raren beh\u00f6ver ocks\u00e5 ha allm\u00e4n kunskap om de lagparagrafer som styr vad som \u00e4r till\u00e5tet n\u00e4r man utf\u00f6r sin uppgift som civil narkotikahundf\u00f6rare.<\/li>\n<\/ul>\n\n\n\n<p>Under de praktiska proven kommer en oberoende kontrollant, dvs. en person som inte sj\u00e4lv arbetar med att utbilda s\u00f6kekipage, att observera och f\u00f6ra protokoll \u00f6ver resultatet.<\/p>\n\n\n\n<h2 class=\"wp-block-heading\">Anm\u00e4lan till prov<\/h2>\n\n\n\n<div class=\"wpcf7 no-js\" id=\"wpcf7-f113-o1\" lang=\"sv-SE\" dir=\"ltr\" data-wpcf7-id=\"113\">\n<div class=\"screen-reader-response\"><p role=\"status\" aria-live=\"polite\" aria-atomic=\"true\"><\/p> <ul><\/ul><\/div>\n<form action=\"\/index.php\/wp-json\/wp\/v2\/pages\/97#wpcf7-f113-o1\" method=\"post\" class=\"wpcf7-form init\" aria-label=\"Kontaktformul\u00e4r\" novalidate=\"novalidate\" data-status=\"init\">\n<fieldset class=\"hidden-fields-container\"><input type=\"hidden\" name=\"_wpcf7\" value=\"113\" \/><input type=\"hidden\" name=\"_wpcf7_version\" value=\"6.1.5\" \/><input type=\"hidden\" name=\"_wpcf7_locale\" value=\"sv_SE\" \/><input type=\"hidden\" name=\"_wpcf7_unit_tag\" value=\"wpcf7-f113-o1\" \/><input type=\"hidden\" name=\"_wpcf7_container_post\" value=\"0\" \/><input type=\"hidden\" name=\"_wpcf7_posted_data_hash\" value=\"\" \/>\n<\/fieldset>\n<p><label> Ditt namn<br \/>\n<span class=\"wpcf7-form-control-wrap\" data-name=\"your-name\"><input size=\"40\" maxlength=\"400\" class=\"wpcf7-form-control wpcf7-text wpcf7-validates-as-required\" autocomplete=\"name\" aria-required=\"true\" aria-invalid=\"false\" value=\"\" type=\"text\" name=\"your-name\" \/><\/span> <\/label>\n<\/p>\n<p><label> Din e-post<br \/>\n<span class=\"wpcf7-form-control-wrap\" data-name=\"your-email\"><input size=\"40\" maxlength=\"400\" class=\"wpcf7-form-control wpcf7-email wpcf7-validates-as-required wpcf7-text wpcf7-validates-as-email\" autocomplete=\"email\" aria-required=\"true\" aria-invalid=\"false\" value=\"\" type=\"email\" name=\"your-email\" \/><\/span> <\/label>\n<\/p>\n<p><label> Ditt mobilnummer<br \/>\n<span class=\"wpcf7-form-control-wrap\" data-name=\"your-phone\"><input size=\"40\" maxlength=\"400\" class=\"wpcf7-form-control wpcf7-text wpcf7-validates-as-required\" aria-required=\"true\" aria-invalid=\"false\" value=\"\" type=\"text\" name=\"your-phone\" \/><\/span> <\/label>\n<\/p>\n<p><label> Provtillf\u00e4lle <\/label><br \/>\n<span class=\"wpcf7-form-control-wrap\" data-name=\"provtillfalle\"><select class=\"wpcf7-form-control wpcf7-select\" aria-invalid=\"false\" name=\"provtillfalle\"><option value=\"Narkotika 12\/4 Vittsj\u00f6\">Narkotika 12\/4 Vittsj\u00f6<\/option><option value=\"V\u00e4gglus 12\/4 Vittsj\u00f6\">V\u00e4gglus 12\/4 Vittsj\u00f6<\/option><\/select><\/span>\n<\/p>\n<p><label> Eventuella fr\u00e5gor\/meddelande (valfritt)<br \/>\n<span class=\"wpcf7-form-control-wrap\" data-name=\"your-message\"><textarea cols=\"40\" rows=\"10\" maxlength=\"2000\" class=\"wpcf7-form-control wpcf7-textarea\" aria-invalid=\"false\" name=\"your-message\"><\/textarea><\/span> <\/label>\n<\/p>\n<p><input class=\"wpcf7-form-control wpcf7-submit has-spinner\" type=\"submit\" value=\"Skicka\" \/>\n<\/p><div class=\"wpcf7-response-output\" aria-hidden=\"true\"><\/div>\n<\/form>\n<\/div>\n\n","protected":false},"excerpt":{"rendered":"<p>Narkotikas\u00f6k Provet f\u00f6r civila narkotikas\u00f6khundar \u00e4r utformat i fyra moment: Under de praktiska proven kommer en oberoende kontrollant, dvs. en person som inte sj\u00e4lv arbetar med att utbilda s\u00f6kekipage, att observera och f\u00f6ra protokoll \u00f6ver resultatet. Anm\u00e4lan till prov<\/p>\n","protected":false},"author":1,"featured_media":0,"parent":0,"menu_order":0,"comment_status":"closed","ping_status":"closed","template":"","meta":{"inline_featured_image":false,"footnotes":""},"class_list":["post-97","page","type-page","status-publish","hentry"],"_links":{"self":[{"href":"https:\/\/xn--skhund-wxa.se\/index.php\/wp-json\/wp\/v2\/pages\/97","targetHints":{"allow":["GET"]}}],"collection":[{"href":"https:\/\/xn--skhund-wxa.se\/index.php\/wp-json\/wp\/v2\/pages"}],"about":[{"href":"https:\/\/xn--skhund-wxa.se\/index.php\/wp-json\/wp\/v2\/types\/page"}],"author":[{"embeddable":true,"href":"https:\/\/xn--skhund-wxa.se\/index.php\/wp-json\/wp\/v2\/users\/1"}],"replies":[{"embeddable":true,"href":"https:\/\/xn--skhund-wxa.se\/index.php\/wp-json\/wp\/v2\/comments?post=97"}],"version-history":[{"count":11,"href":"https:\/\/xn--skhund-wxa.se\/index.php\/wp-json\/wp\/v2\/pages\/97\/revisions"}],"predecessor-version":[{"id":5444,"href":"https:\/\/xn--skhund-wxa.se\/index.php\/wp-json\/wp\/v2\/pages\/97\/revisions\/5444"}],"wp:attachment":[{"href":"https:\/\/xn--skhund-wxa.se\/index.php\/wp-json\/wp\/v2\/media?parent=97"}],"curies":[{"name":"wp","href":"https:\/\/api.w.org\/{rel}","templated":true}]}}