{"id":89,"date":"2023-09-20T11:42:09","date_gmt":"2023-09-20T09:42:09","guid":{"rendered":"http:\/\/xn--skhund-wxa.se\/?page_id=89"},"modified":"2023-10-14T23:51:32","modified_gmt":"2023-10-14T21:51:32","slug":"etiska-riktlinjer","status":"publish","type":"page","link":"https:\/\/xn--skhund-wxa.se\/index.php\/etiska-riktlinjer\/","title":{"rendered":"Etiska riktlinjer"},"content":{"rendered":"\n<p>Svenska S\u00f6khundsf\u00f6rbundets medlemmar f\u00f6rv\u00e4ntas arbeta inom ramarna f\u00f6r en verksamhet som f\u00f6ljer landets lagar och innehar de tillst\u00e5nd som kr\u00e4vs f\u00f6r verksamheten. De f\u00f6rv\u00e4ntas \u00e4ven se till att deras verksamhet \u00e4r tillb\u00f6rligt f\u00f6rs\u00e4krad och att uppdragsgivarnas behov av sekretess respekteras.<\/p>\n\n\n\n<p>Svenska S\u00f6khundsf\u00f6rbundet utg\u00e5r fr\u00e5n den etiska modellen LIMA, framtagen av USAs hundtr\u00e4narorganisationer, som riktlinje f\u00f6r hur vi hanterar v\u00e5ra hundar. LIMA st\u00e5r f\u00f6r &#8221;Least Intrusive Minimally Aversive&#8221; vilket betyder att du som hundtr\u00e4nare f\u00f6rv\u00e4ntas anv\u00e4nda den tr\u00e4ningsmetod som tillfogar hunden minst obehag samtidigt som den ger resultat.<\/p>\n\n\n\n<p>Rent konkret inneb\u00e4r detta att tr\u00e4ningsmetoden positiv f\u00f6rst\u00e4rkning, det vill s\u00e4ga att bel\u00f6na \u00f6nskade beteenden f\u00f6r att f\u00e5 hunden att upprepa dessa, \u00e4r den som i huvudsak ska anv\u00e4ndas och att bestraffningar och korrigeringar ska undvikas. Anledningen \u00e4r att positiv f\u00f6rst\u00e4rkning visat sig vara den mest effektiva metoden f\u00f6r att f\u00f6r\u00e4ndra ett djurs beteende utan att samtidigt orsaka o\u00f6nskade bieffekter, s\u00e5som ett f\u00f6rs\u00e4mrat f\u00f6rh\u00e5llande till djuret eller utveckling av r\u00e4dslor och problembeteenden.<\/p>\n\n\n\n<p>Anv\u00e4ndandet av utrustning som \u00e4r konstruerad f\u00f6r att orsaka obehag f\u00f6r hunden \u00e4r d\u00e4rmed n\u00e5got vi vill motverka och det kommer att kunna inneb\u00e4ra diskvalificering p\u00e5 v\u00e5ra certifieringsprov. Exempel p\u00e5 s\u00e5dan utrustning \u00e4r strypkedja, som visat sig ge best\u00e5ende skador p\u00e5 hundarnas hals och nacke och endast syftar till att orsaka obehag. Strypkedja g\u00e5r alltid att undvika genom korrekt tr\u00e4ning av hunden och \u00e4r aldrig till\u00e5tet vid v\u00e5ra prov. Likas\u00e5 nosgrimma, antiskallhalsband och g\u00e5 fint i koppel-selar, som alla utg\u00e5r ifr\u00e5n ett f\u00f6rlegat s\u00e4tt att se p\u00e5 hundtr\u00e4ning, d\u00e4r korrigering st\u00e5r i fokus.<\/p>\n\n\n\n<p>Vid v\u00e5ra certifieringsprov ger korrigeringar av alla slag minuspo\u00e4ng. Vid gr\u00f6vre korrigeringar och anv\u00e4ndande av utrustning som n\u00e4mnts ovan kan det handla om omedelbar diskvalificering.<\/p>\n\n\n\n<p>Vi f\u00f6rv\u00e4ntar oss att utbildare som vill samarbeta med Svenska S\u00f6khundsf\u00f6rbundet arbetar i enlighet med dessa riktlinjer och hj\u00e4lper sina elever att tr\u00e4na sina hundar p\u00e5 ett etiskt s\u00e4tt.<\/p>\n\n\n\n<p>L\u00e4s mer om LIMA h\u00e4r: <a href=\"https:\/\/iaabc.org\/lima\">LIMA Position Statement<\/a><\/p>\n","protected":false},"excerpt":{"rendered":"<p>Svenska S\u00f6khundsf\u00f6rbundets medlemmar f\u00f6rv\u00e4ntas arbeta inom ramarna f\u00f6r en verksamhet som f\u00f6ljer landets lagar och innehar de tillst\u00e5nd som kr\u00e4vs f\u00f6r verksamheten. De f\u00f6rv\u00e4ntas \u00e4ven se till att deras verksamhet \u00e4r tillb\u00f6rligt f\u00f6rs\u00e4krad och att uppdragsgivarnas behov av sekretess respekteras. Svenska S\u00f6khundsf\u00f6rbundet utg\u00e5r fr\u00e5n den etiska modellen LIMA, framtagen av USAs hundtr\u00e4narorganisationer, som riktlinje f\u00f6r &hellip; <br \/><a href=\"https:\/\/xn--skhund-wxa.se\/index.php\/etiska-riktlinjer\/\" class=\"more-link\">Continue reading <span class=\"screen-reader-text\">Etiska riktlinjer<\/span><\/a><\/p>\n","protected":false},"author":1,"featured_media":0,"parent":0,"menu_order":0,"comment_status":"closed","ping_status":"closed","template":"","meta":{"inline_featured_image":false,"footnotes":""},"class_list":["post-89","page","type-page","status-publish","hentry"],"_links":{"self":[{"href":"https:\/\/xn--skhund-wxa.se\/index.php\/wp-json\/wp\/v2\/pages\/89","targetHints":{"allow":["GET"]}}],"collection":[{"href":"https:\/\/xn--skhund-wxa.se\/index.php\/wp-json\/wp\/v2\/pages"}],"about":[{"href":"https:\/\/xn--skhund-wxa.se\/index.php\/wp-json\/wp\/v2\/types\/page"}],"author":[{"embeddable":true,"href":"https:\/\/xn--skhund-wxa.se\/index.php\/wp-json\/wp\/v2\/users\/1"}],"replies":[{"embeddable":true,"href":"https:\/\/xn--skhund-wxa.se\/index.php\/wp-json\/wp\/v2\/comments?post=89"}],"version-history":[{"count":3,"href":"https:\/\/xn--skhund-wxa.se\/index.php\/wp-json\/wp\/v2\/pages\/89\/revisions"}],"predecessor-version":[{"id":122,"href":"https:\/\/xn--skhund-wxa.se\/index.php\/wp-json\/wp\/v2\/pages\/89\/revisions\/122"}],"wp:attachment":[{"href":"https:\/\/xn--skhund-wxa.se\/index.php\/wp-json\/wp\/v2\/media?parent=89"}],"curies":[{"name":"wp","href":"https:\/\/api.w.org\/{rel}","templated":true}]}}