{"id":79,"date":"2023-09-03T23:48:02","date_gmt":"2023-09-03T21:48:02","guid":{"rendered":"http:\/\/xn--skhund-wxa.se\/?page_id=79"},"modified":"2025-03-26T15:57:56","modified_gmt":"2025-03-26T14:57:56","slug":"medlem","status":"publish","type":"page","link":"https:\/\/xn--skhund-wxa.se\/index.php\/medlem\/","title":{"rendered":"Medlem"},"content":{"rendered":"\n<p>F\u00f6r att bli medlem i Svenska S\u00f6khundsf\u00f6rbundet kr\u00e4vs uppvisande av n\u00e5gon form av utbildningsbevis f\u00f6r s\u00f6khundsekipage. F\u00f6rbundet accepterar endast medlemmar som \u00e4r yrkesverksamma eller har f\u00f6r avsikt att bli yrkesverksamma inom en snart framtid.<\/p>\n\n\n\n<p>Medlemsavgift \u00e4r 2025 250 kr per kalender\u00e5r. Det g\u00e5r \u00e4ven att bli st\u00f6dmedlem f\u00f6r 150 kr per kalender\u00e5r och d\u00e5 kr\u00e4vs inget utbildningsbevis. Medlemsavgiften kan betalas till bankgironr: 254-1837<\/p>\n\n\n\n<p>F\u00f6rbundet arrangerar certifieringsprov av s\u00f6khundar d\u00e4r avgiften f\u00f6r ett ekipage f\u00f6r n\u00e4rvarande \u00e4r fastst\u00e4lld till 750 kr per provtillf\u00e4lle. Godk\u00e4nd certifiering \u00e4r giltig ett \u00e5r fr\u00e5n provtillf\u00e4llet och ger ekipaget m\u00f6jlighet att publicera sina kontaktuppgifter p\u00e5 s\u00f6khund.se samt r\u00e4tt att b\u00e4ra f\u00f6rbundets tj\u00e4nstetecken samt namnbricka till hundf\u00f6raren.<\/p>\n\n\n\n<p>F\u00f6reningens stadgar kan l\u00e4sas <a href=\"http:\/\/s\u00f6khund.se\/index.php\/stadgar\/\"><span style=\"text-decoration: underline;\">h\u00e4r<\/span><\/a>.<\/p>\n\n\n\n<p>F\u00f6r att bli godk\u00e4nd p\u00e5 v\u00e5ra certifieringsprov f\u00f6rv\u00e4ntas du f\u00f6lja f\u00f6reningens etiska riktlinjer. Du kan l\u00e4sa mer om dem <a href=\"\/index.php\/etiska-riktlinjer\/\"><span style=\"text-decoration: underline;\">h\u00e4r<\/span><\/a>.<\/p>\n\n\n\n<p>Svenska S\u00f6khundsf\u00f6rbundets logotyp i tryckbart vektorformat finns att ladda ner <a href=\"\/SSFlogo.eps\"><span style=\"text-decoration: underline;\">h\u00e4r<\/span><\/a>. Obs! F\u00e5r endast anv\u00e4ndas f\u00f6r att marknadsf\u00f6ra f\u00f6rbundet och dess verksamhet och endast i sammanhang som f\u00f6ljer f\u00f6rbundets etiska riktlinjer! All annan anv\u00e4ndning kommer att anm\u00e4las som brott mot upphovsr\u00e4ttslagen.<\/p>\n\n\n\n<p><\/p>\n","protected":false},"excerpt":{"rendered":"<p>F\u00f6r att bli medlem i Svenska S\u00f6khundsf\u00f6rbundet kr\u00e4vs uppvisande av n\u00e5gon form av utbildningsbevis f\u00f6r s\u00f6khundsekipage. F\u00f6rbundet accepterar endast medlemmar som \u00e4r yrkesverksamma eller har f\u00f6r avsikt att bli yrkesverksamma inom en snart framtid. Medlemsavgift \u00e4r 2025 250 kr per kalender\u00e5r. Det g\u00e5r \u00e4ven att bli st\u00f6dmedlem f\u00f6r 150 kr per kalender\u00e5r och d\u00e5 kr\u00e4vs &hellip; <br \/><a href=\"https:\/\/xn--skhund-wxa.se\/index.php\/medlem\/\" class=\"more-link\">Continue reading <span class=\"screen-reader-text\">Medlem<\/span><\/a><\/p>\n","protected":false},"author":1,"featured_media":0,"parent":0,"menu_order":0,"comment_status":"closed","ping_status":"closed","template":"","meta":{"inline_featured_image":false,"footnotes":""},"class_list":["post-79","page","type-page","status-publish","hentry"],"_links":{"self":[{"href":"https:\/\/xn--skhund-wxa.se\/index.php\/wp-json\/wp\/v2\/pages\/79","targetHints":{"allow":["GET"]}}],"collection":[{"href":"https:\/\/xn--skhund-wxa.se\/index.php\/wp-json\/wp\/v2\/pages"}],"about":[{"href":"https:\/\/xn--skhund-wxa.se\/index.php\/wp-json\/wp\/v2\/types\/page"}],"author":[{"embeddable":true,"href":"https:\/\/xn--skhund-wxa.se\/index.php\/wp-json\/wp\/v2\/users\/1"}],"replies":[{"embeddable":true,"href":"https:\/\/xn--skhund-wxa.se\/index.php\/wp-json\/wp\/v2\/comments?post=79"}],"version-history":[{"count":7,"href":"https:\/\/xn--skhund-wxa.se\/index.php\/wp-json\/wp\/v2\/pages\/79\/revisions"}],"predecessor-version":[{"id":5415,"href":"https:\/\/xn--skhund-wxa.se\/index.php\/wp-json\/wp\/v2\/pages\/79\/revisions\/5415"}],"wp:attachment":[{"href":"https:\/\/xn--skhund-wxa.se\/index.php\/wp-json\/wp\/v2\/media?parent=79"}],"curies":[{"name":"wp","href":"https:\/\/api.w.org\/{rel}","templated":true}]}}