{"id":72,"date":"2023-06-22T11:55:21","date_gmt":"2023-06-22T09:55:21","guid":{"rendered":"http:\/\/xn--skhund-wxa.se\/?page_id=72"},"modified":"2025-01-16T11:07:33","modified_gmt":"2025-01-16T10:07:33","slug":"stadgar","status":"publish","type":"page","link":"https:\/\/xn--skhund-wxa.se\/index.php\/stadgar\/","title":{"rendered":"Stadgar"},"content":{"rendered":"\n<p>Allm\u00e4nna best\u00e4mmelser<br><br><a><strong>1 \u00a7&nbsp;&nbsp;&nbsp;&nbsp;&nbsp;&nbsp;&nbsp;&nbsp;&nbsp;&nbsp;&nbsp;&nbsp;&nbsp;&nbsp;&nbsp;&nbsp; \u00c4ndam\u00e5l<\/strong><\/a><\/p>\n\n\n\n<p>Svenska S\u00f6khundsf\u00f6rbundet<\/p>\n\n\n\n<p><br>F\u00f6rbundet har som \u00e4ndam\u00e5l att utveckla kvalitetss\u00e4kring av yrkesm\u00e4ssiga s\u00f6khundsekipage och verka f\u00f6r en s\u00e5 utbredd anv\u00e4ndning av dessa som m\u00f6jligt i samh\u00e4llet. F\u00f6rbundet v\u00e4nder sig till m\u00e4nniskor som \u00e4r verksamma inom yrkesm\u00e4ssigt specials\u00f6k och \u00e4r minst 18 \u00e5r gamla.<\/p>\n\n\n\n<p><br><strong>2 \u00a7 &nbsp;&nbsp;&nbsp;&nbsp;&nbsp;&nbsp;&nbsp;&nbsp;&nbsp;&nbsp;&nbsp;&nbsp;&nbsp;&nbsp;&nbsp; S\u00e4te samt organisationsnummer<\/strong><\/p>\n\n\n\n<p>F\u00f6rbundet har sin hemort\/s\u00e4te i H\u00e4ssleholms kommun<\/p>\n\n\n\n<p>F\u00f6rbundets organisationsnummer: 802543-1514<\/p>\n\n\n\n<p><strong>3 \u00a7 &nbsp;&nbsp;&nbsp;&nbsp;&nbsp;&nbsp;&nbsp;&nbsp;&nbsp;&nbsp;&nbsp;&nbsp;&nbsp;&nbsp;&nbsp; Sammans\u00e4ttning, tillh\u00f6righet m.m.<\/strong><\/p>\n\n\n\n<p>F\u00f6rbundet best\u00e5r av de fysiska personer och juridiska personer, vilka har upptagits i f\u00f6rbundet som medlemmar.<\/p>\n\n\n\n<p><strong>4 \u00a7&nbsp;&nbsp;&nbsp;&nbsp;&nbsp;&nbsp;&nbsp;&nbsp;&nbsp;&nbsp;&nbsp;&nbsp;&nbsp;&nbsp;&nbsp;&nbsp; Beslutande organ<\/strong><\/p>\n\n\n\n<p>F\u00f6rbundets beslutande organ \u00e4r \u00e5rsm\u00f6te, extra \u00e5rsm\u00f6te och styrelsen.<\/p>\n\n\n\n<p><strong>5 \u00a7 &nbsp;&nbsp;&nbsp;&nbsp;&nbsp;&nbsp;&nbsp;&nbsp;&nbsp;&nbsp;&nbsp;&nbsp;&nbsp;&nbsp;&nbsp; Firmateckning<\/strong><\/p>\n\n\n\n<p>F\u00f6rbundets firma tecknas av styrelsen gemensamt eller, om styrelsen s\u00e5 beslutar, av tv\u00e5 styrelseledam\u00f6ter gemensamt eller var f\u00f6r sig eller av en eller flera s\u00e4rskilt utsedda myndiga personer. Den som genom delegation f\u00e5tt fullmakt att f\u00f6retr\u00e4da f\u00f6rbundet ska \u00e5terrapportera till styrelsen.<\/p>\n\n\n\n<p><strong>6 \u00a7 &nbsp;&nbsp;&nbsp;&nbsp;&nbsp;&nbsp;&nbsp;&nbsp;&nbsp;&nbsp;&nbsp;&nbsp;&nbsp;&nbsp;&nbsp; Verksamhets- och r\u00e4kenskaps\u00e5r<\/strong><\/p>\n\n\n\n<p>F\u00f6rbundets verksamhets- och r\u00e4kenskaps\u00e5r \u00e4r kalender\u00e5r.<\/p>\n\n\n\n<p><strong>7 \u00a7&nbsp;&nbsp;<\/strong>&nbsp;&nbsp;&nbsp;&nbsp;&nbsp;&nbsp;&nbsp;&nbsp;&nbsp;&nbsp;&nbsp;&nbsp;&nbsp;&nbsp; <strong>Stadgetolkning<\/strong><\/p>\n\n\n\n<p>Uppst\u00e5r tvekan om tolkningen av dessa stadgar, eller om fall f\u00f6rekommer som inte \u00e4r f\u00f6rutsedda i stadgarna, h\u00e4nskjuts fr\u00e5gan till n\u00e4stkommande \u00e5rsm\u00f6te. I br\u00e5dskande fall f\u00e5r fr\u00e5gan avg\u00f6ras av styrelsen.<\/p>\n\n\n\n<p><strong>8 \u00a7&nbsp;<\/strong>&nbsp;&nbsp;&nbsp;&nbsp;&nbsp;&nbsp;&nbsp; <strong>Skiljeklausul<\/strong><\/p>\n\n\n\n<p>Tvist ang\u00e5ende tolkning och till\u00e4mpning av avtalet f\u00e5r inte h\u00e4nskjutas till domstol f\u00f6r avg\u00f6rande utan skall slutligt avg\u00f6ras genom skiljedom enligt reglerna f\u00f6r Stockholms Handelskammares Skiljedomsinstitut. F\u00f6rfarandet skall \u00e4ga rum i Stockholm.<\/p>\n\n\n\n<p>F\u00f6r de fall tvistens sammanlagda v\u00e4rde understiger 150.000 kronor skall dock s\u00e5dan tvist pr\u00f6vas av allm\u00e4n domstol.<\/p>\n\n\n\n<p>Part \u00e4ger dock v\u00e4nda sig till allm\u00e4n domstol eller exekutiv myndighet f\u00f6r utf\u00e5ende av klar och f\u00f6rfallen fordran.<\/p>\n\n\n\n<p><strong>9 \u00a7&nbsp;&nbsp;<\/strong>&nbsp;&nbsp;&nbsp;&nbsp;&nbsp;&nbsp; <strong>Stadge\u00e4ndring<\/strong><\/p>\n\n\n\n<p>F\u00f6r \u00e4ndring av dessa stadgar kr\u00e4vs beslut p\u00e5 tv\u00e5 p\u00e5 varandra f\u00f6ljande m\u00f6ten, med minst en m\u00e5nads mellanrum, varav ett ska vara \u00e5rsm\u00f6te, med minst 2\/3 av antalet avgivna r\u00f6ster.<\/p>\n\n\n\n<p>F\u00f6rslag till \u00e4ndring av stadgarna f\u00e5r skriftligen avges av s\u00e5v\u00e4l medlem som styrelsen.<\/p>\n\n\n\n<p><strong>10 \u00a7<\/strong> &nbsp;&nbsp;&nbsp;&nbsp;&nbsp;&nbsp;&nbsp;&nbsp;&nbsp;&nbsp;&nbsp;&nbsp;&nbsp; <strong>Uppl\u00f6sning av f\u00f6rbundet<\/strong><br>F\u00f6r uppl\u00f6sning av f\u00f6rbundet kr\u00e4vs beslut p\u00e5 tv\u00e5 p\u00e5 varandra f\u00f6ljande m\u00f6ten, med minst en m\u00e5nads mellanrum, varav ett ska vara \u00e5rsm\u00f6te, med minst 2\/3 av antalet avgivna r\u00f6ster. I beslut om uppl\u00f6sning av f\u00f6rbundet skall f\u00f6rbundets tillg\u00e5ngar sk\u00e4nkas till Hundstallet och f\u00f6rbundets handlingar m.m. skall arkiveras p\u00e5 Stadsarkivet.<\/p>\n\n\n\n<p><strong>F\u00f6rbundets medlemmar<\/strong><\/p>\n\n\n\n<p><strong>11 \u00a7&nbsp;&nbsp;&nbsp;&nbsp;&nbsp;&nbsp;&nbsp;&nbsp;&nbsp;&nbsp;&nbsp;&nbsp;&nbsp;&nbsp; Medlemskap<\/strong><\/p>\n\n\n\n<p>F\u00f6rbundet \u00e4r \u00f6ppen f\u00f6r alla fysiska eller juridiska personer som \u00e4r verksamma som yrkesm\u00e4ssiga s\u00f6khundsf\u00f6rare. Medlem skall f\u00f6lja f\u00f6rbundets stadgar och f\u00f6reskrifter. N\u00e4r medlemsavgiften \u00e4r erlagd och ans\u00f6kan \u00e4r godk\u00e4nd \u00e4r personen medlem och f\u00f6rs in i medlemsf\u00f6rteckningen. Styrelsen har r\u00e4tt att utse person till hedersmedlem. Beslut om medlemskap fattas av styrelsen eller av den som styrelsen delegerat beslutander\u00e4tten till. Medlemskapet g\u00e4ller tills vidare.<\/p>\n\n\n\n<p><strong>12\u00a7&nbsp;&nbsp;&nbsp;&nbsp;&nbsp;&nbsp;&nbsp;&nbsp;&nbsp;&nbsp;&nbsp;&nbsp;&nbsp;&nbsp;&nbsp; Behandling av personuppgifter<\/strong><\/p>\n\n\n\n<p>Medlem godk\u00e4nner genom sitt medlemskap att f\u00f6rbundet f\u00e5r behandla personuppgifter i syfte att bedriva \u00e4ndam\u00e5lsenlig verksamhet i enlighet med Dataskyddsf\u00f6rordningen, GDPR.<\/p>\n\n\n\n<p><strong>13 \u00a7&nbsp;&nbsp;&nbsp;<\/strong>&nbsp;&nbsp;&nbsp;<strong> Uteslutning<\/strong><\/p>\n\n\n\n<p>Medlem f\u00e5r inte uteslutas ur f\u00f6rbundet av annan anledning \u00e4n att denne har f\u00f6rsummat att betala av f\u00f6rbundet beslutade avgifter, motarbetat f\u00f6rbundets verksamhet eller \u00e4ndam\u00e5l, eller uppenbarligen skadat f\u00f6rbundets intressen. Beslut om uteslutning eller varning f\u00e5r inte fattas utan att medlemmen inom viss tid, minst 14 dagar, f\u00e5tt tillf\u00e4lle att yttra sig \u00f6ver de omst\u00e4ndigheter som f\u00f6ranlett att medlemskapet ifr\u00e5gas\u00e4tts. I beslutet skall sk\u00e4len h\u00e4rf\u00f6r redovisas samt anges vad medlemmen skall iaktta f\u00f6r \u00f6verklagande. Beslutet skall inom tre dagar fr\u00e5n dagen f\u00f6r beslutet skriftligen meddelas den ber\u00f6rde.<\/p>\n\n\n\n<p><strong>14\u00a7&nbsp;&nbsp;&nbsp;&nbsp;&nbsp;&nbsp;&nbsp; Medlems r\u00e4ttigheter och skyldigheter<\/strong><\/p>\n\n\n\n<p>Medlem<\/p>\n\n\n\n<ul class=\"wp-block-list\">\n<li>har r\u00e4tt att delta i sammankomster som anordnas f\u00f6r medlemmarna<\/li>\n\n\n\n<li>har r\u00e4tt till information om f\u00f6rbundets angel\u00e4genheter<\/li>\n\n\n\n<li>skall f\u00f6lja f\u00f6rbundets stadgar samt beslut som fattats av f\u00f6reningsorgan<\/li>\n\n\n\n<li>har inte r\u00e4tt till del av f\u00f6rbundets beh\u00e5llning eller egendom vid uppl\u00f6sning av f\u00f6rbundet<\/li>\n\n\n\n<li>skall betala medlemsavgift samt eventuellt \u00f6vriga avgifter som beslutats av f\u00f6rbundet<\/li>\n\n\n\n<li>godk\u00e4nner genom sitt medlemskap att f\u00f6rbundet f\u00e5r behandla personuppgifter i syfte att bedriva \u00e4ndam\u00e5lsenlig verksamhet i enlighet med vid var tid g\u00e4llande f\u00f6reningsstadgar och i enlighet med eventuella \u00f6vriga villkor f\u00f6r behandling av personuppgifter som beslutats av f\u00f6rbundet<\/li>\n<\/ul>\n\n\n\n<p><strong>\u00c5rsm\u00f6te och extra \u00c5rsm\u00f6te<\/strong><\/p>\n\n\n\n<p><strong>15\u00a7&nbsp;&nbsp;&nbsp;&nbsp;&nbsp;&nbsp;&nbsp; Tidpunkt, kallelse<\/strong><\/p>\n\n\n\n<p>\u00c5rsm\u00f6tet, som \u00e4r f\u00f6rbundets h\u00f6gsta beslutande organ, h\u00e5lls f\u00f6re utg\u00e5ngen av mars m\u00e5nad p\u00e5 tid och plats som styrelsen best\u00e4mmer. Kallelse till \u00e5rsm\u00f6tet och f\u00f6rslag till f\u00f6redragningslista skall av styrelsen senast tre veckor f\u00f6re m\u00f6tet tillst\u00e4llas medlemmarna per e-post. Har f\u00f6rslag v\u00e4ckts om stadge\u00e4ndring, nedl\u00e4ggning eller sammanslagning av f\u00f6rbundet med annan f\u00f6rening eller annan fr\u00e5ga av v\u00e4sentlig betydelse f\u00f6r f\u00f6rbundet eller dess medlemmar skall det anges i kallelsen. Verksamhets- och f\u00f6rvaltningsber\u00e4ttelser, verksamhetsplan med budget samt styrelsens f\u00f6rslag och inkomna motioner med styrelsens yttrande skall finnas tillg\u00e4ngliga f\u00f6r medlemmarna senast en vecka f\u00f6re \u00e5rsm\u00f6tet. I kallelsen skall anges var dessa handlingar finns tillg\u00e4ngliga.<\/p>\n\n\n\n<p><strong>16 \u00a7&nbsp;&nbsp;&nbsp;&nbsp;&nbsp;&nbsp; F\u00f6rslag till motioner att behandlas av \u00e5rsm\u00f6te<\/strong><\/p>\n\n\n\n<p>S\u00e5v\u00e4l medlem som styrelsen f\u00e5r avge f\u00f6rslag att behandlas av \u00e5rsm\u00f6te. F\u00f6rslag fr\u00e5n medlem skall vara styrelsen tillhanda senast fyra veckor f\u00f6re \u00e5rsm\u00f6tet. Styrelsen skall till \u00e5rsm\u00f6tet avge skriftligt yttrande \u00f6ver f\u00f6rslaget.<\/p>\n\n\n\n<p><strong>17\u00a7&nbsp;&nbsp;&nbsp;&nbsp;&nbsp;&nbsp;&nbsp; R\u00f6str\u00e4tt samt yttrande- och f\u00f6rslagsr\u00e4tt<\/strong><\/p>\n\n\n\n<p>Medlem som har betalt medlemsavgiften senast 10 dagar f\u00f6re m\u00f6tet har r\u00f6str\u00e4tt p\u00e5 m\u00f6te. R\u00f6str\u00e4tten f\u00e5r ut\u00f6vas genom ombud. Medlem som inte har r\u00f6str\u00e4tt har yttrande- och f\u00f6rslagsr\u00e4tt p\u00e5 m\u00f6tet.<\/p>\n\n\n\n<p><strong>18\u00a7&nbsp;&nbsp;&nbsp;&nbsp;&nbsp;&nbsp;&nbsp; Beslutsf\u00f6rhet<\/strong><\/p>\n\n\n\n<p>M\u00f6tet \u00e4r beslutsm\u00e4ssigt med det antal r\u00f6stber\u00e4ttigade medlemmar som \u00e4r n\u00e4rvarande p\u00e5 m\u00f6tet.<\/p>\n\n\n\n<p><strong>19 \u00a7&nbsp;&nbsp;&nbsp;&nbsp;&nbsp;&nbsp; Beslut och omr\u00f6stning<\/strong><\/p>\n\n\n\n<p>Beslut fattas med bifallsrop (acklamation) eller om s\u00e5 beg\u00e4rs efter omr\u00f6stning (votering).<\/p>\n\n\n\n<p>Med undantag f\u00f6r de i 9 \u00a7 och 10 \u00a7 n\u00e4mnda fallen avg\u00f6rs vid omr\u00f6stning alla fr\u00e5gor genom enkel majoritet. Enkel majoritet kan vara antingen absolut eller relativ. Val avg\u00f6rs genom relativ majoritet. Med relativ majoritet menas att den (de) som erh\u00e5llit h\u00f6gsta antalet r\u00f6ster \u00e4r vald (valda) oberoende av hur dessa r\u00f6ster f\u00f6rh\u00e5ller sig till antalet avgivna r\u00f6ster. F\u00f6r beslut i andra fr\u00e5gor \u00e4n val kr\u00e4vs absolut majoritet, vilket inneb\u00e4r mer \u00e4n h\u00e4lften av antalet avgivna r\u00f6ster. Omr\u00f6stning sker \u00f6ppet. Om r\u00f6stber\u00e4ttigad medlem beg\u00e4r det skall dock val ske slutet. Vid omr\u00f6stning som inte avser val g\u00e4ller vid lika r\u00f6stetal det f\u00f6rslag som bitr\u00e4ds av ordf\u00f6randen vid m\u00f6tet, om ordf\u00f6randen \u00e4r r\u00f6stber\u00e4ttigad. \u00c4r ordf\u00f6rande inte r\u00f6stber\u00e4ttigad avg\u00f6r lotten. Vid val skall i h\u00e4ndelse av lika r\u00f6stetal lotten avg\u00f6ra. Beslut bekr\u00e4ftas med klubbslag.<\/p>\n\n\n\n<p><strong>&nbsp;20 \u00a7&nbsp;&nbsp;&nbsp;&nbsp;&nbsp; Valbarhet<\/strong><\/p>\n\n\n\n<p>Valbar till styrelsen och valberedningen \u00e4r r\u00f6stber\u00e4ttigad medlem av f\u00f6rbundet. Anst\u00e4lld i f\u00f6rbundet f\u00e5r dock inte v\u00e4ljas till ledamot av styrelsen eller valberedningen.<\/p>\n\n\n\n<p><a><strong>21 \u00a7&nbsp;&nbsp;&nbsp;&nbsp;&nbsp;&nbsp;&nbsp;&nbsp;&nbsp;&nbsp;&nbsp;&nbsp;&nbsp;&nbsp; \u00c4renden vid \u00e5rsm\u00f6tet<\/strong><\/a><\/p>\n\n\n\n<p>Vid \u00e5rsm\u00f6tet skall f\u00f6ljande behandlas och protokollf\u00f6ras:<\/p>\n\n\n\n<ol style=\"list-style-type:1\" class=\"wp-block-list\">\n<li>Fastst\u00e4llande av r\u00f6stl\u00e4ngd f\u00f6r m\u00f6tet.<\/li>\n\n\n\n<li>Val av ordf\u00f6rande och sekreterare f\u00f6r m\u00f6tet.<\/li>\n\n\n\n<li>Val av protokolljusterare och r\u00f6str\u00e4knare.<\/li>\n\n\n\n<li>Fr\u00e5ga om m\u00f6tet har utlysts p\u00e5 r\u00e4tt s\u00e4tt.<\/li>\n\n\n\n<li>Fastst\u00e4llande av dagordning.<\/li>\n\n\n\n<li>a) Styrelsens verksamhetsber\u00e4ttelse f\u00f6r det senaste verksamhets\u00e5ret.<br>b) Styrelsens f\u00f6rvaltningsber\u00e4ttelse (balans- och resultatr\u00e4kning) f\u00f6r det senaste r\u00e4kenskaps\u00e5ret.<\/li>\n\n\n\n<li>Kass\u00f6rens ber\u00e4ttelse \u00f6ver styrelsens f\u00f6rvaltning under det senaste verksamhets-\/r\u00e4kenskaps\u00e5ret.<\/li>\n\n\n\n<li>Fr\u00e5ga om ansvarsfrihet f\u00f6r styrelsen.<\/li>\n\n\n\n<li>Fastst\u00e4llande av medlemsavgifter.<\/li>\n\n\n\n<li>Fastst\u00e4llande av verksamhetsplan samt behandling av budget f\u00f6r det kommande verksamhets-\/r\u00e4kenskaps\u00e5ret.<\/li>\n\n\n\n<li>Behandling av styrelsens f\u00f6rslag (propositioner) och i r\u00e4tt tid inkomna motioner fr\u00e5n medlemmarna (motioner).<\/li>\n\n\n\n<li>Val av <br>a) f\u00f6rbundets ordf\u00f6rande f\u00f6r en tid av 2 \u00e5r.<br>b) \u00f6vriga ledam\u00f6ter i styrelsen f\u00f6r en tid av 2 \u00e5r.<br>c) 1-3 ledam\u00f6ter i valberedningen f\u00f6r en tid av 1 \u00e5r, av vilka en skall utses till sammankallande.<\/li>\n\n\n\n<li>Eventuellt \u00f6vriga fr\u00e5gor som anm\u00e4lts under punkt 5. Beslut i fr\u00e5ga av st\u00f6rre ekonomisk eller annan avg\u00f6rande betydelse f\u00f6r f\u00f6rbundet eller medlemmarna f\u00e5r inte fattas om den inte varit med i kallelsen till m\u00f6tet.<br>Inget ut\u00f6ver det som finns i kallelsen f\u00e5r tas upp och beslutas p\u00e5 \u00e5rsm\u00f6tet.<\/li>\n<\/ol>\n\n\n\n<p><strong>22\u00a7&nbsp;&nbsp;&nbsp;&nbsp;&nbsp;&nbsp;&nbsp; Extra \u00e5rsm\u00f6te<\/strong><\/p>\n\n\n\n<p>Styrelsen kan kalla medlemmarna till extra \u00e5rsm\u00f6te. Styrelsen \u00e4r skyldig att kalla till extra \u00e5rsm\u00f6te n\u00e4r minst 10 % av f\u00f6rbundets r\u00f6stber\u00e4ttigade medlemmar beg\u00e4r det. S\u00e5dan framst\u00e4llning skall g\u00f6ras skriftligen och inneh\u00e5lla sk\u00e4len f\u00f6r beg\u00e4ran.<\/p>\n\n\n\n<p>N\u00e4r styrelsen mottagit en beg\u00e4ran om extra \u00e5rsm\u00f6te skall styrelsen inom 14 dagar utlysa s\u00e5dant m\u00f6te att h\u00e5llas inom tv\u00e5 m\u00e5nader fr\u00e5n erh\u00e5llen beg\u00e4ran. Kallelse med f\u00f6rslag till f\u00f6redragningslista f\u00f6r extra \u00e5rsm\u00f6te skall tillst\u00e4llas medlemmarna senast sju dagar f\u00f6re m\u00f6tet p\u00e5 det s\u00e4tt styrelsen best\u00e4mt. Vidare skall kallelsen med f\u00f6rslag till f\u00f6redragningslista publiceras p\u00e5 f\u00f6rbundets hemsida, ansl\u00e5s i f\u00f6rbundets lokal eller p\u00e5 annan l\u00e4mplig plats. Underl\u00e5ter styrelsen att utlysa eller kalla till extra \u00e5rsm\u00f6te f\u00e5r de som gjort framst\u00e4llningen vidta \u00e5tg\u00e4rder enligt f\u00f6reg\u00e5ende stycke. Vid extra \u00e5rsm\u00f6te f\u00e5r endast det som f\u00f6ranlett m\u00f6tet upptas till behandling. Om r\u00f6str\u00e4tt p\u00e5 extra \u00e5rsm\u00f6te och om beslutsm\u00e4ssighet vid s\u00e5dant m\u00f6te g\u00e4ller vad som s\u00e4gs i 17 \u00a7 och 18 \u00a7.<\/p>\n\n\n\n<p><strong>Valberedning<\/strong><\/p>\n\n\n\n<p><strong>23\u00a7&nbsp;&nbsp;&nbsp;&nbsp;&nbsp;&nbsp;&nbsp;&nbsp;&nbsp;&nbsp;&nbsp;&nbsp;&nbsp;&nbsp;&nbsp; Sammans\u00e4ttning, \u00e5ligganden <\/strong>&nbsp;&nbsp;&nbsp;&nbsp;&nbsp;&nbsp;&nbsp;&nbsp;&nbsp;&nbsp;&nbsp;&nbsp;&nbsp;&nbsp;&nbsp;&nbsp;&nbsp; <strong><\/strong><\/p>\n\n\n\n<p>Valberedningen best\u00e5r av 1-3 ledam\u00f6ter, varav en sammankallande, valda av \u00e5rsm\u00f6tet. Valberedningen sammantr\u00e4der n\u00e4r ordf\u00f6randen eller minst halva antalet ledam\u00f6ter s\u00e5 best\u00e4mmer. Valberedningen skall senast 4 veckor f\u00f6re \u00e5rsm\u00f6tet tillfr\u00e5ga dem vilkas mandattid utg\u00e5r vid m\u00f6tets slut, om de vill kandidera f\u00f6r n\u00e4sta mandattid. Senast 2 veckor f\u00f6re \u00e5rsm\u00f6tet skall valberedningen meddela r\u00f6stber\u00e4ttigade medlemmar sitt f\u00f6rslag.<\/p>\n\n\n\n<p><strong>Styrelsen<\/strong><\/p>\n\n\n\n<p><strong>24 \u00a7 &nbsp;&nbsp;&nbsp;&nbsp;&nbsp;&nbsp;&nbsp;&nbsp;&nbsp;&nbsp;&nbsp;&nbsp;&nbsp; Sammans\u00e4ttning<\/strong><\/p>\n\n\n\n<p>Styrelsen best\u00e5r av ordf\u00f6rande samt 2-4 \u00f6vriga ledam\u00f6ter. Styrelsen utser inom sig sekreterare, kass\u00f6r och \u00f6vriga befattningshavare som beh\u00f6vs. Mandatperiod f\u00f6r ordf\u00f6rande samt sekreterare l\u00f6per under en period som g\u00e5r ut ett \u00e5r f\u00f6re kass\u00f6r, vice ordf\u00f6rande samt \u00f6vriga ledam\u00f6ter.<\/p>\n\n\n\n<p><strong>25\u00a7&nbsp;&nbsp;&nbsp;&nbsp;&nbsp;&nbsp;&nbsp; Styrelsens \u00e5ligganden<\/strong><\/p>\n\n\n\n<p>N\u00e4r \u00e5rsm\u00f6te inte \u00e4r samlat \u00e4r styrelsen f\u00f6rbundets beslutande organ och ansvarar f\u00f6r f\u00f6rbundets angel\u00e4genheter. Styrelsen skall &#8211; inom ramen f\u00f6r dessa stadgar &#8211; svara f\u00f6r f\u00f6rbundets verksamhet enligt fastst\u00e4llda planer samt tillvarata medlemmarnas intressen.<br>Det \u00e5ligger styrelsen s\u00e4rskilt att<\/p>\n\n\n\n<p>\u2022&nbsp;&nbsp;&nbsp;&nbsp; tillse att f\u00f6r f\u00f6rbundet g\u00e4llande lagar och bindande regler iakttas<\/p>\n\n\n\n<p>\u2022&nbsp;&nbsp;&nbsp;&nbsp; verkst\u00e4lla av \u00e5rsm\u00f6tet fattade beslut<\/p>\n\n\n\n<p>\u2022&nbsp;&nbsp;&nbsp;&nbsp; planera, leda och f\u00f6rdela arbetet inom f\u00f6rbundet<\/p>\n\n\n\n<p>\u2022&nbsp;&nbsp;&nbsp;&nbsp; ansvara f\u00f6r och f\u00f6rvalta f\u00f6rbundets medel<\/p>\n\n\n\n<p>\u2022&nbsp;&nbsp;&nbsp;&nbsp; f\u00f6rbereda \u00e5rsm\u00f6te<br><br><strong>26 \u00a7&nbsp;&nbsp;&nbsp;&nbsp;&nbsp;&nbsp; Kallelse, beslutsm\u00e4ssighet och omr\u00f6stning<\/strong><\/p>\n\n\n\n<p>Styrelsen sammantr\u00e4der efter kallelse av ordf\u00f6randen, eller d\u00e5 minst halva antalet ledam\u00f6ter har beg\u00e4rt det. Styrelsen \u00e4r beslutsm\u00e4ssig n\u00e4r samtliga ledam\u00f6ter kallats och d\u00e5 minst halva antalet ledam\u00f6ter \u00e4r n\u00e4rvarande. F\u00f6r alla beslut kr\u00e4vs att minst h\u00e4lften av styrelsens samtliga ledam\u00f6ter \u00e4r ense om beslutet. Vid lika r\u00f6stetal har ordf\u00f6randen utslagsr\u00f6st. R\u00f6stning f\u00e5r inte ske genom ombud. I br\u00e5dskande fall f\u00e5r ordf\u00f6randen besluta att \u00e4rende skall avg\u00f6ras genom skriftlig omr\u00f6stning eller vid telefonsammantr\u00e4de. Om s\u00e4rskilt protokoll inte uppr\u00e4ttas skall s\u00e5dant beslut anm\u00e4las vid det n\u00e4rmast d\u00e4refter f\u00f6ljande sammantr\u00e4det. Vid sammantr\u00e4de skall protokoll f\u00f6ras. Avvikande mening skall antecknas till protokollet.<\/p>\n\n\n\n<p><strong>27 \u00a7&nbsp;&nbsp;&nbsp;&nbsp;&nbsp;&nbsp; \u00d6verl\u00e5telse av beslutander\u00e4tten<\/strong><\/p>\n\n\n\n<p>Styrelsen f\u00e5r \u00f6verl\u00e5ta sin beslutander\u00e4tt i enskilda \u00e4renden eller i vissa grupper av \u00e4renden till sektion, kommitt\u00e9 eller annat organ eller till enskild medlem eller anst\u00e4lld. Den som fattat beslut med st\u00f6d av bemyndigande skall fortl\u00f6pande underr\u00e4tta styrelsen h\u00e4rom.<br><br><\/p>\n","protected":false},"excerpt":{"rendered":"<p>Allm\u00e4nna best\u00e4mmelser 1 \u00a7&nbsp;&nbsp;&nbsp;&nbsp;&nbsp;&nbsp;&nbsp;&nbsp;&nbsp;&nbsp;&nbsp;&nbsp;&nbsp;&nbsp;&nbsp;&nbsp; \u00c4ndam\u00e5l Svenska S\u00f6khundsf\u00f6rbundet F\u00f6rbundet har som \u00e4ndam\u00e5l att utveckla kvalitetss\u00e4kring av yrkesm\u00e4ssiga s\u00f6khundsekipage och verka f\u00f6r en s\u00e5 utbredd anv\u00e4ndning av dessa som m\u00f6jligt i samh\u00e4llet. F\u00f6rbundet v\u00e4nder sig till m\u00e4nniskor som \u00e4r verksamma inom yrkesm\u00e4ssigt specials\u00f6k och \u00e4r minst 18 \u00e5r gamla. 2 \u00a7 &nbsp;&nbsp;&nbsp;&nbsp;&nbsp;&nbsp;&nbsp;&nbsp;&nbsp;&nbsp;&nbsp;&nbsp;&nbsp;&nbsp;&nbsp; S\u00e4te samt organisationsnummer F\u00f6rbundet har &hellip; <br \/><a href=\"https:\/\/xn--skhund-wxa.se\/index.php\/stadgar\/\" class=\"more-link\">Continue reading <span class=\"screen-reader-text\">Stadgar<\/span><\/a><\/p>\n","protected":false},"author":1,"featured_media":0,"parent":0,"menu_order":0,"comment_status":"closed","ping_status":"closed","template":"","meta":{"inline_featured_image":false,"footnotes":""},"class_list":["post-72","page","type-page","status-publish","hentry"],"_links":{"self":[{"href":"https:\/\/xn--skhund-wxa.se\/index.php\/wp-json\/wp\/v2\/pages\/72","targetHints":{"allow":["GET"]}}],"collection":[{"href":"https:\/\/xn--skhund-wxa.se\/index.php\/wp-json\/wp\/v2\/pages"}],"about":[{"href":"https:\/\/xn--skhund-wxa.se\/index.php\/wp-json\/wp\/v2\/types\/page"}],"author":[{"embeddable":true,"href":"https:\/\/xn--skhund-wxa.se\/index.php\/wp-json\/wp\/v2\/users\/1"}],"replies":[{"embeddable":true,"href":"https:\/\/xn--skhund-wxa.se\/index.php\/wp-json\/wp\/v2\/comments?post=72"}],"version-history":[{"count":3,"href":"https:\/\/xn--skhund-wxa.se\/index.php\/wp-json\/wp\/v2\/pages\/72\/revisions"}],"predecessor-version":[{"id":5403,"href":"https:\/\/xn--skhund-wxa.se\/index.php\/wp-json\/wp\/v2\/pages\/72\/revisions\/5403"}],"wp:attachment":[{"href":"https:\/\/xn--skhund-wxa.se\/index.php\/wp-json\/wp\/v2\/media?parent=72"}],"curies":[{"name":"wp","href":"https:\/\/api.w.org\/{rel}","templated":true}]}}