{"id":7,"date":"2022-02-18T00:06:34","date_gmt":"2022-02-17T23:06:34","guid":{"rendered":"http:\/\/xn--skhund-wxa.se\/?page_id=7"},"modified":"2025-02-09T18:14:54","modified_gmt":"2025-02-09T17:14:54","slug":"kontakt","status":"publish","type":"page","link":"https:\/\/xn--skhund-wxa.se\/index.php\/kontakt\/","title":{"rendered":"Kontakt"},"content":{"rendered":"\n<p>Webbplatsen drivs av Svenska S\u00f6khundsf\u00f6rbundet, en ideell branschorganisation f\u00f6r yrkesverksamma s\u00f6khundf\u00f6rare.<\/p>\n\n\n\n<p>Svenska S\u00f6khundsf\u00f6rbundets styrelse best\u00e5r f\u00f6r n\u00e4rvarande av:<\/p>\n\n\n\n<ul class=\"wp-block-list\">\n<li>Marie Hagelqvist &#8211; ordf\u00f6rande; hundf\u00f6rare narkotikas\u00f6k.<\/li>\n\n\n\n<li>Amanda Land\u00e9n Svensson &#8211; vice ordf\u00f6rande; hundf\u00f6rare narkotikas\u00f6k, hundinstrukt\u00f6r och beteendeutredare.<\/li>\n\n\n\n<li>Andreas Rimheden &#8211; kass\u00f6r; hundf\u00f6rare narkotikas\u00f6k, hundinstrukt\u00f6r och hundpsykolog.<\/li>\n\n\n\n<li>Maya Rygaard &#8211; suppleant; hundf\u00f6rare narkotikas\u00f6k, klickerintrukt\u00f6r och specials\u00f6kinstrukt\u00f6r.<\/li>\n<\/ul>\n\n\n\n<p>Kontakta oss p\u00e5: kontakt@sokhundsforbundet.se<\/p>\n\n\n\n<p><\/p>\n","protected":false},"excerpt":{"rendered":"<p>Webbplatsen drivs av Svenska S\u00f6khundsf\u00f6rbundet, en ideell branschorganisation f\u00f6r yrkesverksamma s\u00f6khundf\u00f6rare. Svenska S\u00f6khundsf\u00f6rbundets styrelse best\u00e5r f\u00f6r n\u00e4rvarande av: Kontakta oss p\u00e5: kontakt@sokhundsforbundet.se<\/p>\n","protected":false},"author":1,"featured_media":0,"parent":0,"menu_order":0,"comment_status":"closed","ping_status":"closed","template":"","meta":{"inline_featured_image":false,"footnotes":""},"class_list":["post-7","page","type-page","status-publish","hentry"],"_links":{"self":[{"href":"https:\/\/xn--skhund-wxa.se\/index.php\/wp-json\/wp\/v2\/pages\/7","targetHints":{"allow":["GET"]}}],"collection":[{"href":"https:\/\/xn--skhund-wxa.se\/index.php\/wp-json\/wp\/v2\/pages"}],"about":[{"href":"https:\/\/xn--skhund-wxa.se\/index.php\/wp-json\/wp\/v2\/types\/page"}],"author":[{"embeddable":true,"href":"https:\/\/xn--skhund-wxa.se\/index.php\/wp-json\/wp\/v2\/users\/1"}],"replies":[{"embeddable":true,"href":"https:\/\/xn--skhund-wxa.se\/index.php\/wp-json\/wp\/v2\/comments?post=7"}],"version-history":[{"count":12,"href":"https:\/\/xn--skhund-wxa.se\/index.php\/wp-json\/wp\/v2\/pages\/7\/revisions"}],"predecessor-version":[{"id":5408,"href":"https:\/\/xn--skhund-wxa.se\/index.php\/wp-json\/wp\/v2\/pages\/7\/revisions\/5408"}],"wp:attachment":[{"href":"https:\/\/xn--skhund-wxa.se\/index.php\/wp-json\/wp\/v2\/media?parent=7"}],"curies":[{"name":"wp","href":"https:\/\/api.w.org\/{rel}","templated":true}]}}