{"id":5,"date":"2022-02-18T00:06:34","date_gmt":"2022-02-17T23:06:34","guid":{"rendered":"http:\/\/xn--skhund-wxa.se\/?page_id=5"},"modified":"2025-01-10T17:52:11","modified_gmt":"2025-01-10T16:52:11","slug":"skapa-din-egen-webbplats-med-block","status":"publish","type":"page","link":"https:\/\/xn--skhund-wxa.se\/","title":{"rendered":"Svenska S\u00f6khundsf\u00f6rbundet"},"content":{"rendered":"\n\t\t\t<!-- START Slider 1 REVOLUTION SLIDER 6.6.14 --><p class=\"rs-p-wp-fix\"><\/p>\n\t\t\t<rs-module-wrap id=\"rev_slider_1_1_wrapper\" data-source=\"gallery\" style=\"visibility:hidden;background:transparent;padding:0;margin:0px auto;margin-top:0;margin-bottom:0;\">\n\t\t\t\t<rs-module id=\"rev_slider_1_1\" style=\"\" data-version=\"6.6.14\">\n\t\t\t\t\t<rs-slides style=\"overflow: hidden; position: absolute;\">\n\t\t\t\t\t\t<rs-slide style=\"position: absolute;\" data-key=\"rs-8\" data-title=\"Slide\" data-in=\"o:0;\" data-out=\"a:false;\">\n\t\t\t\t\t\t\t<img fetchpriority=\"high\" decoding=\"async\" src=\"\/\/xn--skhund-wxa.se\/wp-content\/plugins\/revslider\/public\/assets\/assets\/dummy.png\" alt=\"\" title=\"Close-up shot of a corgi walking alongside its owner during a dog exhibition. Tel Aviv, Israel.\" width=\"2560\" height=\"1706\" class=\"rev-slidebg tp-rs-img rs-lazyload\" data-lazyload=\"\/\/xn--skhund-wxa.se\/wp-content\/uploads\/2025\/01\/close-up-shot-of-a-corgi-walking-alongside-its-own-2023-11-27-04-51-21-utc-scaled.jpg\" data-bg=\"p:0% 30%;\" data-no-retina>\n<!--\n\t\t\t\t\t\t\t--><rs-layer\n\t\t\t\t\t\t\t\tid=\"slider-1-slide-8-layer-1\" \n\t\t\t\t\t\t\t\tdata-type=\"text\"\n\t\t\t\t\t\t\t\tdata-color=\"#fff\"\n\t\t\t\t\t\t\t\tdata-tsh=\"c:#000000;h:3px;v:3px;\"\n\t\t\t\t\t\t\t\tdata-rsp_ch=\"on\"\n\t\t\t\t\t\t\t\tdata-xy=\"x:191px;y:325px;\"\n\t\t\t\t\t\t\t\tdata-text=\"w:normal;s:40;l:56;ls:1;fw:500;\"\n\t\t\t\t\t\t\t\tdata-dim=\"w:1035px;minh:0;\"\n\t\t\t\t\t\t\t\tdata-frame_999=\"o:0;st:w;\"\n\t\t\t\t\t\t\t\tstyle=\"z-index:5;font-family:'Roboto';\"\n\t\t\t\t\t\t\t>Tr\u00e4ffa oss p\u00e5 Elmia Hund, 7-8 mars, i monter A03:08! \n\t\t\t\t\t\t\t<\/rs-layer><!--\n-->\t\t\t\t\t\t<\/rs-slide>\n\t\t\t\t\t\t<rs-slide style=\"position: absolute;\" data-key=\"rs-1\" data-title=\"Slide\" data-in=\"o:0;\" data-out=\"a:false;\">\n\t\t\t\t\t\t\t<img decoding=\"async\" src=\"\/\/xn--skhund-wxa.se\/wp-content\/plugins\/revslider\/public\/assets\/assets\/dummy.png\" alt=\"\" title=\"20200330_180630\" width=\"2560\" height=\"1440\" class=\"rev-slidebg tp-rs-img rs-lazyload\" data-lazyload=\"\/\/xn--skhund-wxa.se\/wp-content\/uploads\/2022\/02\/20200330_180630-scaled.jpg\" data-no-retina>\n<!--\n\t\t\t\t\t\t\t--><rs-layer\n\t\t\t\t\t\t\t\tid=\"slider-1-slide-1-layer-2\" \n\t\t\t\t\t\t\t\tdata-type=\"text\"\n\t\t\t\t\t\t\t\tdata-color=\"#fff\"\n\t\t\t\t\t\t\t\tdata-tsh=\"c:rgba(0,0,0,0.75);h:5px;b:10px;\"\n\t\t\t\t\t\t\t\tdata-rsp_ch=\"on\"\n\t\t\t\t\t\t\t\tdata-xy=\"x:50px;y:50px;\"\n\t\t\t\t\t\t\t\tdata-text=\"w:normal;s:40;l:50;\"\n\t\t\t\t\t\t\t\tdata-dim=\"minh:0px;\"\n\t\t\t\t\t\t\t\tdata-frame_999=\"o:0;st:w;\"\n\t\t\t\t\t\t\t\tstyle=\"z-index:6;font-family:'Arial';\"\n\t\t\t\t\t\t\t>Fordonss\u00f6k med s\u00f6khunden Diva \n\t\t\t\t\t\t\t<\/rs-layer><!--\n-->\t\t\t\t\t\t<\/rs-slide>\n\t\t\t\t\t\t<rs-slide style=\"position: absolute;\" data-key=\"rs-2\" data-title=\"Slide\" data-in=\"o:0;\" data-out=\"a:false;\">\n\t\t\t\t\t\t\t<img decoding=\"async\" src=\"\/\/xn--skhund-wxa.se\/wp-content\/plugins\/revslider\/public\/assets\/assets\/dummy.png\" alt=\"\" title=\"20190818_163924\" width=\"2560\" height=\"1440\" class=\"rev-slidebg tp-rs-img rs-lazyload\" data-lazyload=\"\/\/xn--skhund-wxa.se\/wp-content\/uploads\/2022\/02\/20190818_163924-scaled.jpg\" data-no-retina>\n<!--\n\t\t\t\t\t\t\t--><rs-layer\n\t\t\t\t\t\t\t\tid=\"slider-1-slide-2-layer-0\" \n\t\t\t\t\t\t\t\tdata-type=\"text\"\n\t\t\t\t\t\t\t\tdata-color=\"#fff\"\n\t\t\t\t\t\t\t\tdata-tsh=\"c:rgba(0,0,0,0.75);h:5px;b:10px;\"\n\t\t\t\t\t\t\t\tdata-rsp_ch=\"on\"\n\t\t\t\t\t\t\t\tdata-xy=\"x:359px;y:330px;\"\n\t\t\t\t\t\t\t\tdata-text=\"w:normal;s:40;l:50;\"\n\t\t\t\t\t\t\t\tdata-dim=\"minh:0px;\"\n\t\t\t\t\t\t\t\tdata-frame_999=\"o:0;st:w;\"\n\t\t\t\t\t\t\t\tstyle=\"z-index:5;font-family:'Arial';\"\n\t\t\t\t\t\t\t>Narkotikahunden Circus hittar ett suspekt f\u00f6rem\u00e5l \n\t\t\t\t\t\t\t<\/rs-layer><!--\n-->\t\t\t\t\t\t<\/rs-slide>\n\t\t\t\t\t\t<rs-slide style=\"position: absolute;\" data-key=\"rs-3\" data-title=\"Slide\" data-in=\"o:0;\" data-out=\"a:false;\">\n\t\t\t\t\t\t\t<img loading=\"lazy\" decoding=\"async\" src=\"\/\/xn--skhund-wxa.se\/wp-content\/plugins\/revslider\/public\/assets\/assets\/dummy.png\" alt=\"Fiffi\" title=\"20230505_103908\" width=\"2560\" height=\"1440\" class=\"rev-slidebg tp-rs-img rs-lazyload\" data-lazyload=\"\/\/xn--skhund-wxa.se\/wp-content\/uploads\/2023\/09\/20230505_103908-scaled.jpg\" data-no-retina>\n<!--\n\t\t\t\t\t\t\t--><rs-layer\n\t\t\t\t\t\t\t\tid=\"slider-1-slide-3-layer-4\" \n\t\t\t\t\t\t\t\tdata-type=\"text\"\n\t\t\t\t\t\t\t\tdata-color=\"#fff\"\n\t\t\t\t\t\t\t\tdata-tsh=\"c:rgba(0,0,0,0.75);h:5px;b:10px;\"\n\t\t\t\t\t\t\t\tdata-rsp_ch=\"on\"\n\t\t\t\t\t\t\t\tdata-xy=\"x:164px;y:196px;\"\n\t\t\t\t\t\t\t\tdata-text=\"w:normal;s:40;l:50;\"\n\t\t\t\t\t\t\t\tdata-dim=\"minh:0px;\"\n\t\t\t\t\t\t\t\tdata-frame_999=\"o:0;st:w;\"\n\t\t\t\t\t\t\t\tstyle=\"z-index:6;font-family:'Arial';\"\n\t\t\t\t\t\t\t>Tr\u00e4ning f\u00f6r hunden Fiffi i R\u00e4ddningstj\u00e4nstens \u00f6vningslokaler \n\t\t\t\t\t\t\t<\/rs-layer><!--\n-->\t\t\t\t\t\t<\/rs-slide>\n\t\t\t\t\t<\/rs-slides>\n\t\t\t\t<\/rs-module>\n\t\t\t\t<script>\n\t\t\t\t\tsetREVStartSize({c: 'rev_slider_1_1',rl:[1240,1024,778,480],el:[400],gw:[1240],gh:[400],type:'standard',justify:'',layout:'fullwidth',mh:\"0\"});if (window.RS_MODULES!==undefined && window.RS_MODULES.modules!==undefined && window.RS_MODULES.modules[\"revslider11\"]!==undefined) {window.RS_MODULES.modules[\"revslider11\"].once = false;window.revapi1 = undefined;if (window.RS_MODULES.checkMinimal!==undefined) window.RS_MODULES.checkMinimal()}\n\t\t\t\t<\/script>\n\t\t\t<\/rs-module-wrap>\n\t\t\t<!-- END REVOLUTION SLIDER -->\n\n\n\n\n<p><\/p>\n\n\n\n<div class=\"wp-block-columns is-layout-flex wp-container-core-columns-is-layout-9d6595d7 wp-block-columns-is-layout-flex\">\n<div class=\"wp-block-column is-layout-flow wp-block-column-is-layout-flow\">\n<p>Svenska s\u00f6khundsf\u00f6rbundet v\u00e4nder sig till m\u00e4nniskor som \u00e4r verksamma inom yrkesm\u00e4ssigt specials\u00f6k och samlar hundf\u00f6rare inom olika s\u00f6kverksamheter t ex narkotika, spr\u00e4ng\u00e4mnen och v\u00e4ggl\u00f6ss.<\/p>\n<\/div>\n\n\n\n<div class=\"wp-block-column is-layout-flow wp-block-column-is-layout-flow\">\n<p>F\u00f6rbundet har som \u00e4ndam\u00e5l att driva och utveckla kvalitetss\u00e4kring av yrkesm\u00e4ssiga s\u00f6khundsekipage samt verka f\u00f6r och sprida kunskap om olika former av s\u00f6khundsekipage i samh\u00e4llet.<\/p>\n<\/div>\n<\/div>\n\n\n\n<div class=\"wp-block-group\"><div class=\"wp-block-group__inner-container is-layout-constrained wp-block-group-is-layout-constrained\">\n<div class=\"wp-block-group\"><div class=\"wp-block-group__inner-container is-layout-constrained wp-block-group-is-layout-constrained\">\n<div class=\"wp-block-columns is-layout-flex wp-container-core-columns-is-layout-9d6595d7 wp-block-columns-is-layout-flex\">\n<div class=\"wp-block-column is-layout-flow wp-block-column-is-layout-flow\">\n<h3 class=\"wp-block-heading\" id=\"specialsokhundar\"><a href=\"https:\/\/xn--skhund-wxa.se\/index.php\/hittahund\/\" data-type=\"page\" data-id=\"6\">Specials\u00f6khundar<\/a><\/h3>\n\n\n\n<p>Vi f\u00f6rmedlar kontakter med hundekipage som \u00e4r utbildade att s\u00f6ka efter specifika \u00e4mnen, s\u00e5som narkotika, spr\u00e4ngmedel, v\u00e4ggl\u00f6ss eller m\u00f6gel.<\/p>\n<\/div>\n\n\n\n<div class=\"wp-block-column is-layout-flow wp-block-column-is-layout-flow\">\n<h3 class=\"wp-block-heading\" id=\"hitta-utbildning\"><a href=\"https:\/\/xn--skhund-wxa.se\/index.php\/utbildning\/\" data-type=\"page\" data-id=\"2\">Hitta utbildning<\/a><\/h3>\n\n\n\n<p>Om du \u00e4r intresserad av att utbilda dig och din hund inom yrkesinriktad specials\u00f6k s\u00e5 hittar du h\u00e4r olika arrang\u00f6rer av utbildningar som rekommenderas av Svenska S\u00f6khundsf\u00f6rbundet.<\/p>\n<\/div>\n\n\n\n<div class=\"wp-block-column is-layout-flow wp-block-column-is-layout-flow\">\n<h3 class=\"wp-block-heading\" id=\"licensiering\"><a href=\"https:\/\/xn--skhund-wxa.se\/index.php\/prov\/\" data-type=\"page\" data-id=\"97\">Certifiering<\/a><\/h3>\n\n\n\n<p>Som en hj\u00e4lp att kvalitetss\u00e4kra hundekipage inom specials\u00f6k, erbjuder vi certifieringsprov. Godk\u00e4nda ekipage f\u00e5r publicera sin information h\u00e4r och b\u00e4ra v\u00e5rt tj\u00e4nstetecken.<\/p>\n<\/div>\n<\/div>\n<\/div><\/div>\n<\/div><\/div>\n\n\n\n<div class=\"wp-block-columns is-layout-flex wp-container-core-columns-is-layout-9d6595d7 wp-block-columns-is-layout-flex\">\n<div class=\"wp-block-column is-layout-flow wp-block-column-is-layout-flow\"><\/div>\n<\/div>\n\n\n\n<p><\/p>\n","protected":false},"excerpt":{"rendered":"<p>Svenska s\u00f6khundsf\u00f6rbundet v\u00e4nder sig till m\u00e4nniskor som \u00e4r verksamma inom yrkesm\u00e4ssigt specials\u00f6k och samlar hundf\u00f6rare inom olika s\u00f6kverksamheter t ex narkotika, spr\u00e4ng\u00e4mnen och v\u00e4ggl\u00f6ss. F\u00f6rbundet har som \u00e4ndam\u00e5l att driva och utveckla kvalitetss\u00e4kring av yrkesm\u00e4ssiga s\u00f6khundsekipage samt verka f\u00f6r och sprida kunskap om olika former av s\u00f6khundsekipage i samh\u00e4llet. Specials\u00f6khundar Vi f\u00f6rmedlar kontakter med hundekipage &hellip; <br \/><a href=\"https:\/\/xn--skhund-wxa.se\/\" class=\"more-link\">Continue reading <span class=\"screen-reader-text\">Svenska S\u00f6khundsf\u00f6rbundet<\/span><\/a><\/p>\n","protected":false},"author":1,"featured_media":0,"parent":0,"menu_order":0,"comment_status":"closed","ping_status":"closed","template":"","meta":{"inline_featured_image":false,"footnotes":""},"class_list":["post-5","page","type-page","status-publish","hentry"],"_links":{"self":[{"href":"https:\/\/xn--skhund-wxa.se\/index.php\/wp-json\/wp\/v2\/pages\/5","targetHints":{"allow":["GET"]}}],"collection":[{"href":"https:\/\/xn--skhund-wxa.se\/index.php\/wp-json\/wp\/v2\/pages"}],"about":[{"href":"https:\/\/xn--skhund-wxa.se\/index.php\/wp-json\/wp\/v2\/types\/page"}],"author":[{"embeddable":true,"href":"https:\/\/xn--skhund-wxa.se\/index.php\/wp-json\/wp\/v2\/users\/1"}],"replies":[{"embeddable":true,"href":"https:\/\/xn--skhund-wxa.se\/index.php\/wp-json\/wp\/v2\/comments?post=5"}],"version-history":[{"count":25,"href":"https:\/\/xn--skhund-wxa.se\/index.php\/wp-json\/wp\/v2\/pages\/5\/revisions"}],"predecessor-version":[{"id":5386,"href":"https:\/\/xn--skhund-wxa.se\/index.php\/wp-json\/wp\/v2\/pages\/5\/revisions\/5386"}],"wp:attachment":[{"href":"https:\/\/xn--skhund-wxa.se\/index.php\/wp-json\/wp\/v2\/media?parent=5"}],"curies":[{"name":"wp","href":"https:\/\/api.w.org\/{rel}","templated":true}]}}