{"id":2,"date":"2022-02-17T22:53:48","date_gmt":"2022-02-17T21:53:48","guid":{"rendered":"http:\/\/xn--skhund-wxa.se\/?page_id=2"},"modified":"2025-05-30T08:20:27","modified_gmt":"2025-05-30T06:20:27","slug":"utbildning","status":"publish","type":"page","link":"https:\/\/xn--skhund-wxa.se\/index.php\/utbildning\/","title":{"rendered":"Utbilda s\u00f6khund"},"content":{"rendered":"\n<p>Kreativ S\u00e4kerhet Svenska Specials\u00f6khundar AB, K9Narc, erbjuder en komplett utbildning av civila narkotikahundekipage som omfattar de moment som kr\u00e4vs f\u00f6r att bli godk\u00e4nd vid ett certifieringsprov av Svenska S\u00f6khundsf\u00f6rbundet. Deras utbildning \u00e4ger rum i Norrt\u00e4lje. L\u00e4s mer p\u00e5: <a href=\"http:\/\/k9narc.se\">k9narc.se<\/a><\/p>\n\n\n\n<p>Munkag\u00e5rdsgymnasiet i Tv\u00e5\u00e5ker \u00e4r f\u00f6rst ut i landet med att utbilda gymnasieelever p\u00e5 narkotikas\u00f6k med hund enligt Svenska S\u00f6khundsf\u00f6rbundets kunskapskrav. Detta ing\u00e5r som en valm\u00f6jlighet i deras djurv\u00e5rdsutbildning.<\/p>\n\n\n\n<p>DK9 S\u00e4kerhetstj\u00e4nst AB, erbjuder en komplett utbildning av civila narkotikahundekipage med utg\u00e5ngspunkt i Vittsj\u00f6, i norra Sk\u00e5ne. \u00c4ven den omfattar de moment som kr\u00e4vs f\u00f6r att bli godk\u00e4nd vid ett prov hos Svenska S\u00f6khundsf\u00f6rbundet. L\u00e4s mer p\u00e5: <a href=\"https:\/\/www.dk9hundskola.se\">dk9hundskola.se<\/a><\/p>\n\n\n\n<p>Dala Narkotikas\u00f6k erbjuder en ett\u00e5rig yrkesutbildning i Dala-J\u00e4rna. Den inneh\u00e5ller alla moment som kr\u00e4vs f\u00f6r godk\u00e4nt resultat vid ett av f\u00f6rbundets certifieringsprov. L\u00e4s mer p\u00e5: <a href=\"https:\/\/www.facebook.com\/profile.php?id=100075921436594\"><span style=\"text-decoration: underline;\">https:\/\/www.facebook.com\/profile.php?id=100075921436594<\/span><\/a><\/p>\n\n\n\n<p>Svenska S\u00f6khundsf\u00f6rbundet accepterar utbildningsbevis fr\u00e5n andra akt\u00f6rer \u00e4n de vi rekommenderar h\u00e4r, men kan inte garantera att de uppfyller kraven f\u00f6r att bli godk\u00e4nd vid ett certifieringsprov. Fler rekommenderade utbildare, \u00e4ven inom andra grenar av yrkesinriktad specials\u00f6k, kommer att l\u00e4ggas till h\u00e4r efter hand som vi f\u00e5tt klarlagt att deras utbildningar uppfyller v\u00e5ra krav.<\/p>\n","protected":false},"excerpt":{"rendered":"<p>Kreativ S\u00e4kerhet Svenska Specials\u00f6khundar AB, K9Narc, erbjuder en komplett utbildning av civila narkotikahundekipage som omfattar de moment som kr\u00e4vs f\u00f6r att bli godk\u00e4nd vid ett certifieringsprov av Svenska S\u00f6khundsf\u00f6rbundet. Deras utbildning \u00e4ger rum i Norrt\u00e4lje. L\u00e4s mer p\u00e5: k9narc.se Munkag\u00e5rdsgymnasiet i Tv\u00e5\u00e5ker \u00e4r f\u00f6rst ut i landet med att utbilda gymnasieelever p\u00e5 narkotikas\u00f6k med hund &hellip; <br \/><a href=\"https:\/\/xn--skhund-wxa.se\/index.php\/utbildning\/\" class=\"more-link\">Continue reading <span class=\"screen-reader-text\">Utbilda s\u00f6khund<\/span><\/a><\/p>\n","protected":false},"author":1,"featured_media":0,"parent":0,"menu_order":0,"comment_status":"closed","ping_status":"closed","template":"","meta":{"inline_featured_image":false,"footnotes":""},"class_list":["post-2","page","type-page","status-publish","hentry"],"_links":{"self":[{"href":"https:\/\/xn--skhund-wxa.se\/index.php\/wp-json\/wp\/v2\/pages\/2","targetHints":{"allow":["GET"]}}],"collection":[{"href":"https:\/\/xn--skhund-wxa.se\/index.php\/wp-json\/wp\/v2\/pages"}],"about":[{"href":"https:\/\/xn--skhund-wxa.se\/index.php\/wp-json\/wp\/v2\/types\/page"}],"author":[{"embeddable":true,"href":"https:\/\/xn--skhund-wxa.se\/index.php\/wp-json\/wp\/v2\/users\/1"}],"replies":[{"embeddable":true,"href":"https:\/\/xn--skhund-wxa.se\/index.php\/wp-json\/wp\/v2\/comments?post=2"}],"version-history":[{"count":6,"href":"https:\/\/xn--skhund-wxa.se\/index.php\/wp-json\/wp\/v2\/pages\/2\/revisions"}],"predecessor-version":[{"id":5427,"href":"https:\/\/xn--skhund-wxa.se\/index.php\/wp-json\/wp\/v2\/pages\/2\/revisions\/5427"}],"wp:attachment":[{"href":"https:\/\/xn--skhund-wxa.se\/index.php\/wp-json\/wp\/v2\/media?parent=2"}],"curies":[{"name":"wp","href":"https:\/\/api.w.org\/{rel}","templated":true}]}}